{"id":3787,"date":"2025-01-29T23:13:21","date_gmt":"2025-01-29T23:13:21","guid":{"rendered":"https:\/\/azul18.net\/?page_id=3787"},"modified":"2025-02-05T23:52:12","modified_gmt":"2025-02-05T23:52:12","slug":"carrito","status":"publish","type":"page","link":"https:\/\/azul18.net\/?page_id=3787","title":{"rendered":"Carrito"},"content":{"rendered":"\t\t<div data-elementor-type=\"wp-page\" data-elementor-id=\"3787\" class=\"elementor elementor-3787\">\n\t\t\t\t<section class=\"elementor-section elementor-top-section elementor-element elementor-element-5d8ee434 elementor-section-boxed elementor-section-height-default elementor-section-height-default\" data-id=\"5d8ee434\" data-element_type=\"section\">\n\t\t\t\t\t\t<div class=\"elementor-container elementor-column-gap-default\">\n\t\t\t\t\t<div class=\"elementor-column elementor-col-100 elementor-top-column elementor-element elementor-element-4ac96101\" data-id=\"4ac96101\" data-element_type=\"column\">\n\t\t\t<div class=\"elementor-widget-wrap elementor-element-populated\">\n\t\t\t\t\t\t<div class=\"elementor-element elementor-element-269db9c2 elementor-widget elementor-widget-text-editor\" data-id=\"269db9c2\" data-element_type=\"widget\" data-widget_type=\"text-editor.default\">\n\t\t\t\t<div class=\"elementor-widget-container\"><div data-block-name=\"woocommerce\/cart\" class=\"wp-block-woocommerce-cart alignwide is-loading\"><div data-block-name=\"woocommerce\/filled-cart-block\" class=\"wp-block-woocommerce-filled-cart-block\"><div data-block-name=\"woocommerce\/cart-items-block\" class=\"wp-block-woocommerce-cart-items-block\"><div data-block-name=\"woocommerce\/cart-line-items-block\" class=\"wp-block-woocommerce-cart-line-items-block\"><\/div>\n\n<div data-block-name=\"woocommerce\/cart-cross-sells-block\" class=\"wp-block-woocommerce-cart-cross-sells-block\"><h2 class=\"wp-block-heading has-large-font-size\">Puede que te interese\u2026<\/h2>\n\n<div data-block-name=\"woocommerce\/cart-cross-sells-products-block\" class=\"wp-block-woocommerce-cart-cross-sells-products-block\"><\/div><\/div><\/div>\n\n<div data-block-name=\"woocommerce\/cart-totals-block\" class=\"wp-block-woocommerce-cart-totals-block\"><div data-block-name=\"woocommerce\/cart-order-summary-block\" class=\"wp-block-woocommerce-cart-order-summary-block\"><div data-block-name=\"woocommerce\/cart-order-summary-heading-block\" class=\"wp-block-woocommerce-cart-order-summary-heading-block\"><\/div><div data-block-name=\"woocommerce\/cart-order-summary-coupon-form-block\" class=\"wp-block-woocommerce-cart-order-summary-coupon-form-block\"><\/div><div data-block-name=\"woocommerce\/cart-order-summary-totals-block\" class=\"wp-block-woocommerce-cart-order-summary-totals-block\">\n<div data-block-name=\"woocommerce\/cart-order-summary-subtotal-block\" class=\"wp-block-woocommerce-cart-order-summary-subtotal-block\"><\/div>\n<div data-block-name=\"woocommerce\/cart-order-summary-discount-block\" class=\"wp-block-woocommerce-cart-order-summary-discount-block\"><\/div>\n<div data-block-name=\"woocommerce\/cart-order-summary-fee-block\" class=\"wp-block-woocommerce-cart-order-summary-fee-block\"><\/div>\n<div data-block-name=\"woocommerce\/cart-order-summary-shipping-block\" class=\"wp-block-woocommerce-cart-order-summary-shipping-block\"><\/div>\n<div data-block-name=\"woocommerce\/cart-order-summary-taxes-block\" class=\"wp-block-woocommerce-cart-order-summary-taxes-block\"><\/div><\/div><\/div>\n\n<div data-block-name=\"woocommerce\/cart-express-payment-block\" class=\"wp-block-woocommerce-cart-express-payment-block\"><\/div>\n\n<div data-block-name=\"woocommerce\/proceed-to-checkout-block\" class=\"wp-block-woocommerce-proceed-to-checkout-block\"><\/div>\n\n<div data-block-name=\"woocommerce\/cart-accepted-payment-methods-block\" class=\"wp-block-woocommerce-cart-accepted-payment-methods-block\"><\/div><\/div><\/div>\n\n<div data-block-name=\"woocommerce\/empty-cart-block\" class=\"wp-block-woocommerce-empty-cart-block\"><h2 class=\"wp-block-heading has-text-align-center with-empty-cart-icon wc-block-cart__empty-cart__title\">\u00a1Tu carrito est\u00e1 actualmente vac\u00edo!<\/h2>\n\n<hr class=\"wp-block-separator has-alpha-channel-opacity is-style-dots\"\/>\n\n<h2 class=\"wp-block-heading has-text-align-center\">Nuevo en la tienda<\/h2>\n\n<div data-block-name=\"woocommerce\/product-new\" data-columns=\"4\" data-rows=\"1\" class=\"wc-block-grid wp-block-product-new wp-block-woocommerce-product-new wc-block-product-new has-4-columns\"><ul class=\"wc-block-grid__products\"><li class=\"wc-block-grid__product\">\n\t\t\t\t<a href=\"https:\/\/azul18.net\/?product=inteligencia-artificial-de-la-decada-del-20\" class=\"wc-block-grid__product-link\">\n\t\t\t\t\t\n\t\t\t\t\t<div class=\"wc-block-grid__product-image\"><img fetchpriority=\"high\" decoding=\"async\" width=\"300\" height=\"300\" src=\"https:\/\/azul18.net\/wp-content\/uploads\/2025\/01\/IA20-300x300.jpeg\" class=\"attachment-woocommerce_thumbnail size-woocommerce_thumbnail\" alt=\"Revoluci\u00f3n anal\u00f3gica.\" srcset=\"https:\/\/azul18.net\/wp-content\/uploads\/2025\/01\/IA20-300x300.jpeg 300w, https:\/\/azul18.net\/wp-content\/uploads\/2025\/01\/IA20-100x100.jpeg 100w, https:\/\/azul18.net\/wp-content\/uploads\/2025\/01\/IA20-150x150.jpeg 150w\" sizes=\"(max-width: 300px) 100vw, 300px\" \/><\/div>\n\t\t\t\t\t<div class=\"wc-block-grid__product-title\">Revoluci\u00f3n anal\u00f3gica.<\/div>\n\t\t\t\t<\/a>\n\t\t\t\t<div class=\"wc-block-grid__product-price price\"><span class=\"woocommerce-Price-amount amount\"><span class=\"woocommerce-Price-currencySymbol\">&#036;<\/span>&nbsp;100,00<\/span><\/div>\n\t\t\t\t\n\t\t\t\t<div class=\"wp-block-button wc-block-grid__product-add-to-cart\"><a href=\"?add-to-cart=3858\" aria-label=\"A\u00f1adir al carrito: &ldquo;Revoluci\u00f3n anal\u00f3gica.&rdquo;\" data-quantity=\"1\" data-product_id=\"3858\" data-product_sku=\"\" data-price=\"100\" rel=\"nofollow\" class=\"wp-block-button__link  add_to_cart_button ajax_add_to_cart\">A\u00f1adir al carrito<\/a><\/div>\n\t\t\t<\/li><\/ul><\/div><\/div><\/div><\/div>\n\t\t\t\t<\/div>\n\t\t\t\t\t<\/div>\n\t\t<\/div>\n\t\t\t\t\t<\/div>\n\t\t<\/section>\t\t<\/div>\n\t\t","protected":false},"excerpt":{"rendered":"","protected":false},"author":1,"featured_media":0,"parent":0,"menu_order":0,"comment_status":"closed","ping_status":"closed","template":"","meta":{"site-sidebar-layout":"default","site-content-layout":"default","ast-global-header-display":"","ast-main-header-display":"","ast-hfb-above-header-display":"","ast-hfb-below-header-display":"","ast-hfb-mobile-header-display":"","site-post-title":"","ast-breadcrumbs-content":"","ast-featured-img":"","footer-sml-layout":"","theme-transparent-header-meta":"","adv-header-id-meta":"","stick-header-meta":"","header-above-stick-meta":"","header-main-stick-meta":"","header-below-stick-meta":"","footnotes":""},"class_list":["post-3787","page","type-page","status-publish","hentry"],"yoast_head":"<!-- This site is optimized with the Yoast SEO plugin v24.4 - https:\/\/yoast.com\/wordpress\/plugins\/seo\/ -->\n<title>Carrito - Azul18<\/title>\n<meta name=\"robots\" content=\"index, follow, max-snippet:-1, max-image-preview:large, max-video-preview:-1\" \/>\n<link rel=\"canonical\" href=\"https:\/\/azul18.net\/?page_id=3787\" \/>\n<meta property=\"og:locale\" content=\"es_ES\" \/>\n<meta property=\"og:type\" content=\"article\" \/>\n<meta property=\"og:title\" content=\"Carrito - Azul18\" \/>\n<meta property=\"og:url\" content=\"https:\/\/azul18.net\/?page_id=3787\" \/>\n<meta property=\"og:site_name\" content=\"Azul18\" \/>\n<meta property=\"article:modified_time\" content=\"2025-02-05T23:52:12+00:00\" \/>\n<meta name=\"twitter:card\" content=\"summary_large_image\" \/>\n<script type=\"application\/ld+json\" class=\"yoast-schema-graph\">{\"@context\":\"https:\/\/schema.org\",\"@graph\":[{\"@type\":\"WebPage\",\"@id\":\"https:\/\/azul18.net\/?page_id=3787\",\"url\":\"https:\/\/azul18.net\/?page_id=3787\",\"name\":\"Carrito - Azul18\",\"isPartOf\":{\"@id\":\"https:\/\/azul18.net\/#website\"},\"datePublished\":\"2025-01-29T23:13:21+00:00\",\"dateModified\":\"2025-02-05T23:52:12+00:00\",\"breadcrumb\":{\"@id\":\"https:\/\/azul18.net\/?page_id=3787#breadcrumb\"},\"inLanguage\":\"es\",\"potentialAction\":[{\"@type\":\"ReadAction\",\"target\":[\"https:\/\/azul18.net\/?page_id=3787\"]}]},{\"@type\":\"BreadcrumbList\",\"@id\":\"https:\/\/azul18.net\/?page_id=3787#breadcrumb\",\"itemListElement\":[{\"@type\":\"ListItem\",\"position\":1,\"name\":\"Portada\",\"item\":\"https:\/\/azul18.net\/\"},{\"@type\":\"ListItem\",\"position\":2,\"name\":\"Carrito\"}]},{\"@type\":\"WebSite\",\"@id\":\"https:\/\/azul18.net\/#website\",\"url\":\"https:\/\/azul18.net\/\",\"name\":\"Azul18\",\"description\":\"Oficina dise\u00f1os tecnolog\u00eda Termoenerg\u00eda\",\"publisher\":{\"@id\":\"https:\/\/azul18.net\/#organization\"},\"potentialAction\":[{\"@type\":\"SearchAction\",\"target\":{\"@type\":\"EntryPoint\",\"urlTemplate\":\"https:\/\/azul18.net\/?s={search_term_string}\"},\"query-input\":{\"@type\":\"PropertyValueSpecification\",\"valueRequired\":true,\"valueName\":\"search_term_string\"}}],\"inLanguage\":\"es\"},{\"@type\":\"Organization\",\"@id\":\"https:\/\/azul18.net\/#organization\",\"name\":\"Azul18\",\"url\":\"https:\/\/azul18.net\/\",\"logo\":{\"@type\":\"ImageObject\",\"inLanguage\":\"es\",\"@id\":\"https:\/\/azul18.net\/#\/schema\/logo\/image\/\",\"url\":\"https:\/\/azul18.net\/wp-content\/uploads\/2022\/09\/AZUL18-Logotipo.png\",\"contentUrl\":\"https:\/\/azul18.net\/wp-content\/uploads\/2022\/09\/AZUL18-Logotipo.png\",\"width\":1500,\"height\":462,\"caption\":\"Azul18\"},\"image\":{\"@id\":\"https:\/\/azul18.net\/#\/schema\/logo\/image\/\"},\"sameAs\":[\"https:\/\/www.linkedin.com\/company\/azul18\/\",\"https:\/\/www.instagram.com\/azul18ar\/\",\"https:\/\/t.me\/termoenergia\"]}]}<\/script>\n<!-- \/ Yoast SEO plugin. -->","yoast_head_json":{"title":"Carrito - Azul18","robots":{"index":"index","follow":"follow","max-snippet":"max-snippet:-1","max-image-preview":"max-image-preview:large","max-video-preview":"max-video-preview:-1"},"canonical":"https:\/\/azul18.net\/?page_id=3787","og_locale":"es_ES","og_type":"article","og_title":"Carrito - Azul18","og_url":"https:\/\/azul18.net\/?page_id=3787","og_site_name":"Azul18","article_modified_time":"2025-02-05T23:52:12+00:00","twitter_card":"summary_large_image","schema":{"@context":"https:\/\/schema.org","@graph":[{"@type":"WebPage","@id":"https:\/\/azul18.net\/?page_id=3787","url":"https:\/\/azul18.net\/?page_id=3787","name":"Carrito - Azul18","isPartOf":{"@id":"https:\/\/azul18.net\/#website"},"datePublished":"2025-01-29T23:13:21+00:00","dateModified":"2025-02-05T23:52:12+00:00","breadcrumb":{"@id":"https:\/\/azul18.net\/?page_id=3787#breadcrumb"},"inLanguage":"es","potentialAction":[{"@type":"ReadAction","target":["https:\/\/azul18.net\/?page_id=3787"]}]},{"@type":"BreadcrumbList","@id":"https:\/\/azul18.net\/?page_id=3787#breadcrumb","itemListElement":[{"@type":"ListItem","position":1,"name":"Portada","item":"https:\/\/azul18.net\/"},{"@type":"ListItem","position":2,"name":"Carrito"}]},{"@type":"WebSite","@id":"https:\/\/azul18.net\/#website","url":"https:\/\/azul18.net\/","name":"Azul18","description":"Oficina dise\u00f1os tecnolog\u00eda Termoenerg\u00eda","publisher":{"@id":"https:\/\/azul18.net\/#organization"},"potentialAction":[{"@type":"SearchAction","target":{"@type":"EntryPoint","urlTemplate":"https:\/\/azul18.net\/?s={search_term_string}"},"query-input":{"@type":"PropertyValueSpecification","valueRequired":true,"valueName":"search_term_string"}}],"inLanguage":"es"},{"@type":"Organization","@id":"https:\/\/azul18.net\/#organization","name":"Azul18","url":"https:\/\/azul18.net\/","logo":{"@type":"ImageObject","inLanguage":"es","@id":"https:\/\/azul18.net\/#\/schema\/logo\/image\/","url":"https:\/\/azul18.net\/wp-content\/uploads\/2022\/09\/AZUL18-Logotipo.png","contentUrl":"https:\/\/azul18.net\/wp-content\/uploads\/2022\/09\/AZUL18-Logotipo.png","width":1500,"height":462,"caption":"Azul18"},"image":{"@id":"https:\/\/azul18.net\/#\/schema\/logo\/image\/"},"sameAs":["https:\/\/www.linkedin.com\/company\/azul18\/","https:\/\/www.instagram.com\/azul18ar\/","https:\/\/t.me\/termoenergia"]}]}},"_links":{"self":[{"href":"https:\/\/azul18.net\/index.php?rest_route=\/wp\/v2\/pages\/3787","targetHints":{"allow":["GET"]}}],"collection":[{"href":"https:\/\/azul18.net\/index.php?rest_route=\/wp\/v2\/pages"}],"about":[{"href":"https:\/\/azul18.net\/index.php?rest_route=\/wp\/v2\/types\/page"}],"author":[{"embeddable":true,"href":"https:\/\/azul18.net\/index.php?rest_route=\/wp\/v2\/users\/1"}],"replies":[{"embeddable":true,"href":"https:\/\/azul18.net\/index.php?rest_route=%2Fwp%2Fv2%2Fcomments&post=3787"}],"version-history":[{"count":1,"href":"https:\/\/azul18.net\/index.php?rest_route=\/wp\/v2\/pages\/3787\/revisions"}],"predecessor-version":[{"id":3852,"href":"https:\/\/azul18.net\/index.php?rest_route=\/wp\/v2\/pages\/3787\/revisions\/3852"}],"wp:attachment":[{"href":"https:\/\/azul18.net\/index.php?rest_route=%2Fwp%2Fv2%2Fmedia&parent=3787"}],"curies":[{"name":"wp","href":"https:\/\/api.w.org\/{rel}","templated":true}]}}